{"id":382,"date":"2023-05-12T08:24:23","date_gmt":"2023-05-12T08:24:23","guid":{"rendered":"http:\/\/fasttravel.com\/privacy-policy\/"},"modified":"2023-11-08T21:03:00","modified_gmt":"2023-11-08T21:03:00","slug":"privacy-policy","status":"publish","type":"page","link":"https:\/\/fasttravel.com\/no\/privacy-policy\/","title":{"rendered":"Personvernerkl\u00e6ring"},"content":{"rendered":"\n<h1 class=\"wp-block-heading\">Personvernerkl\u00e6ring<\/h1>\n\n\n\n<h2 class=\"wp-block-heading\"><strong>Behandlingsansvarlig<\/strong><\/h2>\n\n\n\n<p>Denne personvernerkl\u00e6ringen forklarer hvordan vi samler inn og bruker (behandler) personopplysninger i virksomheten v\u00e5r. Fast Travel AS, ved daglig leder, er behandlingsansvarlig for behandlingen.<\/p>\n\n\n\n<p><strong>NB! Det er ikke lov til \u00e5 kopiere tekst fra denne personvernerkl\u00e6ringen, jfr. <\/strong><a href=\"https:\/\/lovdata.no\/dokument\/NL\/lov\/2018-06-15-40\"><strong>lov om opphavsrett<\/strong><\/a><strong>.<\/strong><\/p>\n\n\n\n<p>V\u00e5r kontaktinformasjon er:<\/p>\n\n\n\n<p>Fast Travel AS<\/p>\n\n\n\n<p>Forretningsadresse: Bedriftsvegen 64, 3735 Skien<br>Org.nr.: 931 855 654<\/p>\n\n\n\n<p>E-postadresse: support@fasttravel.com<\/p>\n\n\n\n<h2 class=\"wp-block-heading\"><br><strong>Rettighetene dine<\/strong><\/h2>\n\n\n\n<p>Ta kontakt med oss hvis du har sp\u00f8rsm\u00e5l om eller vil benytte deg av en av dine rettigheter. Du har krav p\u00e5 svar senest innen 30 dager. Les mer p\u00e5 <a href=\"https:\/\/www.datatilsynet.no\/rettigheter-og-plikter\/den-registrertes-rettigheter\/\">Datatilsynets sider<\/a>.<\/p>\n\n\n\n<p>Innsyn i og retting av egne opplysninger: Du kan be om en kopi av alle opplysninger vi behandler om deg, og be oss om \u00e5 rette opplysninger som ikke er riktige.&nbsp;<\/p>\n\n\n\n<p>Sletting eller begrensning: I noen situasjoner kan du be oss om \u00e5 slette og\/eller begrense behandlingen av opplysninger om deg selv, men vi kan ikke slette data vi er p\u00e5lagt \u00e5 behandle.<\/p>\n\n\n\n<p>Protestere mot en behandling: Dersom vi behandler opplysninger om deg p\u00e5 bakgrunn av berettiget interesse, har du rett til \u00e5 protestere p\u00e5 det.&nbsp;<\/p>\n\n\n\n<p>Dataportabilitet: Dersom vi behandler opplysninger om deg med grunnlag i samtykke eller en kontrakt, kan du be oss om \u00e5 overf\u00f8re opplysninger om deg til deg eller til annen behandlingsansvarlig.&nbsp;<\/p>\n\n\n\n<p>Du har ogs\u00e5 rett til \u00e5 trekke samtykket ditt tilbake n\u00e5r som helst.<\/p>\n\n\n\n<p>Hvis du ikke er forn\u00f8yd med behandlingen av dataene dine kan du klage til Datatilsynet, men vi h\u00e5per at du vil si i fra direkte til oss f\u00f8rst s\u00e5 vi kan pr\u00f8ve \u00e5 l\u00f8se saken for deg p\u00e5 en god m\u00e5te.<\/p>\n\n\n\n<h2 class=\"wp-block-heading\"><br><strong>Hvem vi behandler personopplysninger om<\/strong><\/h2>\n\n\n\n<p>Vi behandler personopplysninger om:<\/p>\n\n\n\n<ul class=\"wp-block-list\">\n<li>Kunder og kontaktperson\/-er<\/li>\n\n\n\n<li>Potensielle kunder og kontaktperson\/-er<\/li>\n\n\n\n<li>Kontaktpersoner hos leverand\u00f8rer og samarbeidspartnere<\/li>\n\n\n\n<li>L\u00f8yvenumre, kjennemerke og brikkenumre<\/li>\n\n\n\n<li>Bes\u00f8kende p\u00e5 nettsiden<\/li>\n\n\n\n<li>Ansatte<\/li>\n<\/ul>\n\n\n\n<h2 class=\"wp-block-heading\"><br><strong>Hvordan vi samler inn personopplysninger<\/strong><\/h2>\n\n\n\n<p>Det er frivillig \u00e5 oppgi personopplysninger til oss, men for \u00e5 kunne gjennomf\u00f8re en handel og\/eller inng\u00e5 en avtale trenger vi imidlertid en rekke opplysninger fra deg. Vi verken leier, kj\u00f8per eller selger personopplysninger fra\/til andre, og vi behandler ikke s\u00e6rlige kategorier personopplysninger utover det som gjelder i et vanlig ansettelsesforhold.<\/p>\n\n\n\n<p>Vi behandler personopplysninger n\u00e5r du eller selskapet du representerer:<\/p>\n\n\n\n<ul class=\"wp-block-list\">\n<li>kj\u00f8per v\u00e5re produkter\/tjenester<\/li>\n\n\n\n<li>kontakter oss via telefon, SMS, nettsiden v\u00e5r, e-post eller sosiale medier<\/li>\n\n\n\n<li>melder deg p\u00e5 arrangementer i v\u00e5r regi<\/li>\n\n\n\n<li>svarer p\u00e5 en sp\u00f8rreunders\u00f8kelse<\/li>\n\n\n\n<li>bruker nettsiden v\u00e5r<\/li>\n<\/ul>\n\n\n\n<h2 class=\"wp-block-heading\"><br><strong>Form\u00e5l, rettslig grunnlag og lagring<\/strong><\/h2>\n\n\n\n<p>Etter personvernforordningen artikkel 6 nr. 1 behandler vi personopplysninger p\u00e5 bakgrunn av:<\/p>\n\n\n\n<ul class=\"wp-block-list\">\n<li>Ditt samtykke<\/li>\n\n\n\n<li>En avtale vi har inng\u00e5tt<\/li>\n\n\n\n<li>En rettslig forpliktelse vi har<\/li>\n\n\n\n<li>En berettiget interesse vi mener at vi har<\/li>\n<\/ul>\n\n\n\n<p>Som hovedregel skal ikke personopplysninger behandles og oppbevares lenger enn n\u00f8dvendig for \u00e5 oppfylle form\u00e5let med behandlingen. For \u00e5 overholde dette har vi GDPR-revisjoner etter behov der vi formelt vurderer og g\u00e5r gjennom personvernarbeidet v\u00e5rt. Hensikten er \u00e5 endre, oppdatere og om n\u00f8dvendig slette personopplysninger.<\/p>\n\n\n\n<p>Vi beholder data s\u00e5 lenge vi er p\u00e5lagt til det etter gjeldende juridiske forpliktelser, for eksempel relatert til regnskaps, skatte- eller ansettelseslovgivning, og\/eller andre relevante regler og forskrifter. Du kan n\u00e5r som helst kontakte oss hvis du \u00f8nsker at vi skal slutte \u00e5 behandle eller slette personopplysningene dine, men merk at vi ikke kan slette personopplysninger vi er rettslig forpliktet til \u00e5 behandle.<\/p>\n\n\n\n<h2 class=\"wp-block-heading\"><br><strong>Slik behandler vi personopplysninger<\/strong><\/h2>\n\n\n\n<p>Her beskriver vi n\u00e5r og hvordan vi behandler personopplysningene dine, til hvilke form\u00e5l, p\u00e5 hvilket rettslig grunnlag og hvor lenge.<\/p>\n\n\n\n<p>Vi behandler personopplysninger n\u00e5r:<\/p>\n\n\n\n<h3 class=\"wp-block-heading\"><br><strong><em>Du kommuniserer med oss<\/em><\/strong><\/h3>\n\n\n\n<p>N\u00e5r du gir oss visittkortet ditt eller henvender deg til oss via nettsiden (kontaktskjema, kommentarfelt, chat eller lignende), p\u00e5 e-post, via telefon (anrop, tekstmelding) eller sosiale medier, behandler vi personopplysninger. Avhengig av hvor og hvordan du sender oss melding, kan dette v\u00e6re navn, kontaktinformasjon, IP-adresse og \u00f8vrige opplysninger du velger \u00e5 sende til oss.<\/p>\n\n\n\n<p>Form\u00e5let er \u00e5 kunne svare p\u00e5 henvendelser fra deg, for historikk, og for \u00e5 ha dokumentasjon i tilfelle vi mottar reklamasjoner, klager eller rettslige krav. Det rettslige grunnlaget er f), der de berettigede interessene er \u00e5 kunne svare p\u00e5 henvendelser fra deg, for historikk, og for \u00e5 ha dokumentasjon i tilfelle vi mottar reklamasjoner, klager eller rettslige krav. Vi g\u00e5r gjennom, arkiverer og sletter henvendelser etter behov, men ikke sjeldnere enn hvert 5 \u00e5r. Regnskapsmateriale oppbevares inntil fem \u00e5r, etter reglene i bokf\u00f8ringsloven.<\/p>\n\n\n\n<h3 class=\"wp-block-heading\"><br><strong><em>Du eller selskapet du representerer kj\u00f8per v\u00e5re produkter og tjenester<\/em><\/strong><\/h3>\n\n\n\n<p>N\u00e5r du eller selskapet du representerer kj\u00f8per produkter og tjenester fra oss behandler vi personopplysninger som navn, kj\u00f8ret\u00f8ydata og l\u00f8yvenummer, kontaktinformasjon, IP-adresse, bestillings- og betalingsinformasjon og historikk.<\/p>\n\n\n\n<p>Form\u00e5let er \u00e5 kunne levere produkter og tjenester til deg og\/eller selskapet du representerer etter bestilling\/kj\u00f8p, for ha en historikk over solgte produkter og tjenester og ellers \u00e5 administrere og f\u00f8lge opp kundeforholdet med deg og selskapet du representerer. Det rettslige grunnlaget er a) samtykke, b) avtale og c) rettslig forpliktelse etter bl.a. bokf\u00f8rings- og skatteloven. Regnskapsmateriale oppbevares inntil fem \u00e5r, etter reglene i bokf\u00f8ringsloven.<\/p>\n\n\n\n<h3 class=\"wp-block-heading\"><br><strong><em>Markedsf\u00f8ring i eksisterende kundeforhold<\/em><\/strong><\/h3>\n\n\n\n<p>N\u00e5r du eller selskapet du representerer blir kunde hos oss behandler vi personopplysninger som nevnt over. Dersom du eller selskapet du representerer har et eksisterende kundeforhold hos oss vil vi kunne sende deg markedsf\u00f8ring p\u00e5 e-post og SMS, i tr\u00e5d med markedsf\u00f8ringsloven \u00a7 15.<\/p>\n\n\n\n<p>Form\u00e5let er \u00e5 kunne yte god kundeservice. Det rettslige grunnlaget er f), der de berettigede interessene er \u00e5 kunne tilby deg relevante produkter og tjenester. Det rettslige grunnlaget kan ogs\u00e5 v\u00e6re a), der du har gitt oss ditt samtykke. Du kan n\u00e5r som helst melde deg av markedsf\u00f8ring p\u00e5 e-post og SMS. Opplysningene oppbevares s\u00e5 lenge kundeforholdet eksisterer, til du melder deg av eller inntil du eventuelt protesterer mot behandlingen.<\/p>\n\n\n\n<h3 class=\"wp-block-heading\"><br><strong><em>Du s\u00f8ker p\u00e5 jobb eller jobber hos oss<\/em><\/strong><\/h3>\n\n\n\n<p>N\u00e5r du s\u00f8ker p\u00e5 jobb hos oss behandler vi personopplysninger som navn, kontaktinformasjon, CV og andre opplysninger vi trenger for \u00e5 kunne vurdere s\u00f8knaden din. Det rettslige grunnlaget er b) avtale, og eventuelt artikkel 9 nr. 2 b) og h) dersom s\u00f8knaden din inneholder s\u00e6rlige kategorier personopplysninger. Opplysningene slettes etter at en person er valgt til jobben, med mindre du har samtykket til at vi lagrer informasjonen din lenger i tilfelle du \u00f8nsker \u00e5 s\u00f8ke p\u00e5 jobb ved en senere anledning.<\/p>\n\n\n\n<p>For ansatte behandler vi personopplysninger som nevnt over, i tillegg til opplysninger som er n\u00f8dvendig for \u00e5 kunne utbetale l\u00f8nn og ellers administrere arbeidsforholdet. Det rettslige grunnlaget for dette er b) avtale, c) rettslige forpliktelser etter gjeldende lover for ansettelsesforhold og eventuelt artikkel 9 nr. 2 b) og h) ved s\u00e6rlige kategorier personopplysninger. Opplysninger om ansatte slettes som hovedregel n\u00e5r arbeidsforholdet opph\u00f8rer, med mindre s\u00e6rlige grunner (som tvist om oppsigelse eller avskjed) gj\u00f8r det n\u00f8dvendig \u00e5 oppbevare dem lenger. Opplysninger knyttet til l\u00f8nnsadministrasjon oppbevares inntil fem \u00e5r, etter reglene i bokf\u00f8ringsloven.<\/p>\n\n\n\n<h3 class=\"wp-block-heading\"><br><strong><em>Du er en leverand\u00f8r eller samarbeider med oss<\/em><\/strong><\/h3>\n\n\n\n<p>N\u00e5r du inng\u00e5r en avtale med oss enten som leverand\u00f8r, samarbeidspartner eller databehandler, behandler vi personopplysninger som navn, kontaktinformasjon og korrespondanse. Form\u00e5let er \u00e5 kunne inng\u00e5 en avtale med deg og det rettslige grunnlaget er b) avtale. Opplysningene oppbevares inntil fem \u00e5r etter reglene i bokf\u00f8ringsloven. Vi behandler personopplysninger knyttet til generell korrespondanse og kommunikasjon som beskrevet over.<\/p>\n\n\n\n<h2 class=\"wp-block-heading\"><br><strong>Hvem vi deler personopplysninger med<\/strong><\/h2>\n\n\n\n<p>For \u00e5 kunne drive virksomheten v\u00e5r effektivt og sikkert, er vi noen ganger n\u00f8dt til \u00e5 dele personopplysningene dine med parter som:<\/p>\n\n\n\n<ul class=\"wp-block-list\">\n<li>Databehandlere: leverand\u00f8rer av ulike tjenester som behandler personopplysningene dine p\u00e5 v\u00e5re vegne*<\/li>\n\n\n\n<li>Eierrepresentanter<\/li>\n\n\n\n<li>Avinor, Samferdselsdepartementet, Justervesenet<\/li>\n\n\n\n<li>Profesjonelle r\u00e5dgivere fra bransjer som advokat, finans, regnskap, revisjon og forsikring<\/li>\n\n\n\n<li>Brukerst\u00f8tte for IT- og administrasjonssystemer<\/li>\n\n\n\n<li>Offentlige myndigheter vi er pliktig \u00e5 rapportere til<\/li>\n<\/ul>\n\n\n\n<p>Vi krever at alle vi deler personopplysningene dine med sikrer dataene dine i henhold til god informasjonssikkerhet og etter kravene i personvernforordningen.<\/p>\n\n\n\n<p>* Vi bruker databehandlere for:<\/p>\n\n\n\n<ul class=\"wp-block-list\">\n<li>E-post, kalender og digitale m\u00f8ter<\/li>\n\n\n\n<li>Bokf\u00f8ring, regnskap og fakturering<\/li>\n\n\n\n<li>Skylagring<\/li>\n\n\n\n<li>Utvikling og brukerst\u00f8tte for IT- og administrasjonssystemer<\/li>\n<\/ul>\n\n\n\n<p>P\u00e5 grunn av sikkerhet har vi ikke spesifisert disse ved navn, men ta gjerne kontakt med oss hvis du vil vite mer.<\/p>\n\n\n\n<h2 class=\"wp-block-heading\"><br><strong>Overf\u00f8ring av personopplysninger utenfor EU\/E\u00d8S<\/strong><\/h2>\n\n\n\n<p>I noen tilfeller overf\u00f8res personopplysningene dine utenfor EU\/E\u00d8S, for eksempel der vi bruker leverand\u00f8rer utenfor EU\/E\u00d8S til skylagring og ellers for \u00e5 kunne drive virksomheten v\u00e5r p\u00e5 en trygg og effektiv m\u00e5te. Overf\u00f8ring av personopplysninger til utenfor EU\/E\u00d8S er kun tillatt til land EU-kommisjonen har godkjent, eller under n\u00f8dvendige garantier etter personvernforordningen. Dette kan for eksempel v\u00e6re EUs standardkontrakter.<\/p>\n\n\n\n<p>P\u00e5 grunn av sikkerhet har vi ikke spesifisert disse ved navn. Ta gjerne kontakt hvis du vil vite mer om hvilke slike databehandlere vi bruker, hva slags n\u00f8dvendige garantier som gjelder for slik overf\u00f8ring og hvilke ekstra sikkerhetstiltak vi har implementert.<\/p>\n\n\n\n<h2 class=\"wp-block-heading\"><br><strong>Sikkerhet<\/strong><\/h2>\n\n\n\n<p>Vi tar informasjonssikkerhet p\u00e5 alvor, og vi vil alltid gj\u00f8re v\u00e5rt ytterste for \u00e5 ivareta personopplysningene dine p\u00e5 best mulig m\u00e5te. Blant annet bruker vi sterke passord, kryptering av data, tilgangskontroll og sikkerhetskopiering for \u00e5 sikre dataene v\u00e5re og hindre at uvedkommende f\u00e5r tilgang til \u00e5 se, endre, slette eller p\u00e5 noen m\u00e5ter p\u00e5virke dataene vi oppbevarer, inkludert personopplysningene dine.<\/p>\n\n\n\n<p>Vi tillater kun andre \u00e5 f\u00e5 innsyn i og\/eller behandle personopplysningene dine i henhold til v\u00e5re instruksjoner, og kun der det er strengt n\u00f8dvendig (f.eks. ved IT-support).<\/p>\n\n\n\n<p><strong>Denne personvernerkl\u00e6ringen ble sist oppdatert: 08.11.2023<\/strong><\/p>\n","protected":false},"excerpt":{"rendered":"<p>Personvernerkl\u00e6ring Behandlingsansvarlig Denne personvernerkl\u00e6ringen forklarer hvordan vi samler inn og bruker (behandler) personopplysninger i virksomheten v\u00e5r. Fast Travel AS, ved daglig leder, er behandlingsansvarlig for behandlingen. NB! Det er ikke lov til \u00e5 kopiere tekst fra denne personvernerkl\u00e6ringen, jfr. lov om opphavsrett. V\u00e5r kontaktinformasjon er: Fast Travel AS Forretningsadresse: Bedriftsvegen 64, 3735 SkienOrg.nr.: 931 855 [&hellip;]<\/p>\n","protected":false},"author":1,"featured_media":0,"parent":0,"menu_order":0,"comment_status":"closed","ping_status":"closed","template":"","meta":{"_acf_changed":false,"footnotes":""},"tags":[],"class_list":["post-382","page","type-page","status-publish","hentry"],"acf":[],"_links":{"self":[{"href":"https:\/\/fasttravel.com\/no\/wp-json\/wp\/v2\/pages\/382","targetHints":{"allow":["GET"]}}],"collection":[{"href":"https:\/\/fasttravel.com\/no\/wp-json\/wp\/v2\/pages"}],"about":[{"href":"https:\/\/fasttravel.com\/no\/wp-json\/wp\/v2\/types\/page"}],"author":[{"embeddable":true,"href":"https:\/\/fasttravel.com\/no\/wp-json\/wp\/v2\/users\/1"}],"replies":[{"embeddable":true,"href":"https:\/\/fasttravel.com\/no\/wp-json\/wp\/v2\/comments?post=382"}],"version-history":[{"count":9,"href":"https:\/\/fasttravel.com\/no\/wp-json\/wp\/v2\/pages\/382\/revisions"}],"predecessor-version":[{"id":555,"href":"https:\/\/fasttravel.com\/no\/wp-json\/wp\/v2\/pages\/382\/revisions\/555"}],"wp:attachment":[{"href":"https:\/\/fasttravel.com\/no\/wp-json\/wp\/v2\/media?parent=382"}],"wp:term":[{"taxonomy":"post_tag","embeddable":true,"href":"https:\/\/fasttravel.com\/no\/wp-json\/wp\/v2\/tags?post=382"}],"curies":[{"name":"wp","href":"https:\/\/api.w.org\/{rel}","templated":true}]}}